{"id":1908,"date":"2019-07-15T07:39:45","date_gmt":"2019-07-15T07:39:45","guid":{"rendered":"http:\/\/www.eugeniavanni.it\/?page_id=1908"},"modified":"2026-04-07T10:11:56","modified_gmt":"2026-04-07T10:11:56","slug":"2019-2","status":"publish","type":"page","link":"https:\/\/www.eugeniavanni.it\/","title":{"rendered":"Works"},"content":{"rendered":"<p>[et_pb_section fb_built=&#8221;1&#8243; _builder_version=&#8221;4.16&#8243; global_colors_info=&#8221;{}&#8221;][et_pb_row _builder_version=&#8221;4.21.0&#8243; background_size=&#8221;initial&#8221; background_position=&#8221;top_left&#8221; background_repeat=&#8221;repeat&#8221; custom_padding=&#8221;||0px|||&#8221; global_colors_info=&#8221;{}&#8221;][et_pb_column type=&#8221;4_4&#8243; _builder_version=&#8221;4.16&#8243; custom_padding=&#8221;|||&#8221; global_colors_info=&#8221;{}&#8221; custom_padding__hover=&#8221;|||&#8221;][et_pb_gallery gallery_ids=&#8221;2839,2828&#8243; fullwidth=&#8221;on&#8221; admin_label=&#8221;Gallery&#8221; _builder_version=&#8221;4.21.0&#8243; custom_margin=&#8221;||49px|||&#8221; global_colors_info=&#8221;{}&#8221;][\/et_pb_gallery][et_pb_text _builder_version=&#8221;4.21.0&#8243; _module_preset=&#8221;default&#8221; global_colors_info=&#8221;{}&#8221;]<\/p>\n<h6>Tourn\u00e9e, 2024<br \/>olio su stoffa nera di cotone, grafite<br \/><span style=\"color: #808080;\">oil on black cotton fabric, graphite<\/span><br \/>250 x 200 cm<br \/>veduta della mostra, <span style=\"color: #808080;\">exhibition view<\/span> &#8220;Tourn\u00e9e&#8221; Galleria Fuoricampo, Siena<br \/>Foto Ela Bialkowska\u00a0 OknoStudio<\/h6>\n<h6>&#8220;Dipingendo sulla stoffa colorata la trama della tela di lino, in queste opere la figurazione affiora sulla superficie come un effetto riflesso della differenza fra tela e pittura, e dell\u2019illusione reciproca dell\u2019una nell\u2019altra. Tecnica e materiale, sfondo e figura si confondono e si sovrappongono delineando un ideale<br \/>di pittura sintetica che esprime il processo in s\u00e9 di una totalit\u00e0 che travalica la somma delle parti. Un soggetto non realmente dipinto<br \/>ma realizzato con gli artifici della pittura a cui non \u00e8 estraneo l\u2019inganno. L\u2019esibizione del sipario allude proprio a ci\u00f2 che esso nasconde&#8221;. (Tourn\u00e9e. Testo da comunicato stampa della mostra)<\/h6>\n<h6><span style=\"color: #808080;\">In these works the figuration emerges on the surface as a reflected effect of the difference between canvas and painting, and of the reciprocal illusion of the one in the other. Technique and material, background and figure, mingle and overlap, delineating an ideal of synthetic painting that expresses the process in itself of a totality that transcends the sum of its parts.<\/span><br \/><span style=\"color: #808080;\">A subject that is not really painted, but instead created by means of painterly devices in which deception also plays a part.<\/span><br \/><span style=\"color: #808080;\">The curtain that is featured alludes to the very thing that is hidden behind it. (Tourn\u00e9e, press release<\/span>)<\/h6>\n<p>[\/et_pb_text][et_pb_gallery gallery_ids=&#8221;2833,2834&#8243; fullwidth=&#8221;on&#8221; _builder_version=&#8221;4.21.0&#8243; _module_preset=&#8221;default&#8221; global_colors_info=&#8221;{}&#8221;][\/et_pb_gallery][et_pb_text _builder_version=&#8221;4.21.0&#8243; _module_preset=&#8221;default&#8221; global_colors_info=&#8221;{}&#8221;]<\/p>\n<h6>Tourn\u00e9e, 2024<br \/>olio\u00a0 su stoffa nera di cotone, grafite<br \/><span style=\"color: #808080;\">oil on black cotton fabric, graphite<\/span><br \/>250 x 200 cm<br \/>veduta della mostra, <span style=\"color: #808080;\">exhibition view<\/span> &#8220;Tourn\u00e9e&#8221; Galleria Fuoricampo, Siena<br \/>Foto Ela Bialkowska\u00a0 OknoStudio<\/h6>\n<p>&nbsp;<\/p>\n<h6><\/h6>\n<p>[\/et_pb_text][et_pb_gallery gallery_ids=&#8221;2862,2864,2867&#8243; fullwidth=&#8221;on&#8221; _builder_version=&#8221;4.21.0&#8243; _module_preset=&#8221;default&#8221; global_colors_info=&#8221;{}&#8221;][\/et_pb_gallery][et_pb_text _builder_version=&#8221;4.21.0&#8243; _module_preset=&#8221;default&#8221; global_colors_info=&#8221;{}&#8221;]<\/p>\n<h6>ALIUS ET IDEM. STESA IN CONTROLUCE, 2025<br \/>olio su stoffa grigia di cotone, matita |<span style=\"color: #808080;\"> oil on grey cotton fabric, pencil<\/span><br \/>80&#215;100 cm<br \/>foto Ela Bialkowska<\/h6>\n<h6>In \u201cAlius et idem\u201d le stoffe\u00a0 visibili all\u2019interno delle opere non sono dipinte ma inscritte.\u00a0 Sono il soggetto e allo stesso tempo anche il supporto del quadro.<br \/>Le vediamo nella fase precedente al loro utilizzo pittorico, in condizioni di vita diverse: stese, piegate, accostate, appese. <span><\/span><span>La serie\u00a0\u00a0\u201cAlius et idem\u201d dilata la relazione tra supporto e pittura; il soggetto non \u00e8 propriamente ritratto, ma emerge dalla tela stessa che definisce l&#8217;oggetto rappresentato. Materia e immagine si sostengono nella rappresentazione di un soggetto unico e molteplice, uguale e diverso.<\/span><\/h6>\n<p>[\/et_pb_text][et_pb_gallery gallery_ids=&#8221;2865,2866&#8243; fullwidth=&#8221;on&#8221; _builder_version=&#8221;4.21.0&#8243; _module_preset=&#8221;default&#8221; global_colors_info=&#8221;{}&#8221;][\/et_pb_gallery][et_pb_text _builder_version=&#8221;4.21.0&#8243; _module_preset=&#8221;default&#8221; global_colors_info=&#8221;{}&#8221;]<\/p>\n<h6>ALIUS ET IDEM. STESA IN UNA CERTA CONDIZIONE DI LUCE, 2025<br \/>olio su stoffa di cotone bianca, matita | <span style=\"color: #999999;\">oil on white cotton fabric, pencil<br \/><span style=\"color: #000000;\">210&#215;120 cm<\/span><\/span><\/h6>\n<p>[\/et_pb_text][et_pb_gallery gallery_ids=&#8221;2476,2475,2474&#8243; fullwidth=&#8221;on&#8221; admin_label=&#8221;Gallery&#8221; _builder_version=&#8221;4.21.0&#8243; custom_margin=&#8221;||49px|||&#8221; global_colors_info=&#8221;{}&#8221;][\/et_pb_gallery][\/et_pb_column][\/et_pb_row][et_pb_row _builder_version=&#8221;4.21.0&#8243; background_size=&#8221;initial&#8221; background_position=&#8221;top_left&#8221; background_repeat=&#8221;repeat&#8221; min_height=&#8221;341.3px&#8221; custom_margin=&#8221;-24px||-171px||false|false&#8221; global_colors_info=&#8221;{}&#8221;][et_pb_column type=&#8221;4_4&#8243; _builder_version=&#8221;4.16&#8243; custom_padding=&#8221;|||&#8221; global_colors_info=&#8221;{}&#8221; custom_padding__hover=&#8221;|||&#8221;][et_pb_text admin_label=&#8221;Text&#8221; _builder_version=&#8221;4.21.0&#8243; background_size=&#8221;initial&#8221; background_position=&#8221;top_left&#8221; background_repeat=&#8221;repeat&#8221; custom_padding=&#8221;8px|||||&#8221; global_colors_info=&#8221;{}&#8221;]<\/p>\n<h6>THE UNPAINTED. FONDO BLU (lapislazzuli), 2022<br \/>olio su stoffa di cotone blu | <span style=\"color: #808080;\">oil on blue cotton fabric<\/span><br \/>151 x 121 or 121 x151 cm<br \/>veduta della mostra |<span style=\"color: #808080;\"> exhibition view<\/span> &#8220;I Maestri del Colore&#8221; , Galleria Fuoricampo<br \/>photo Ela Bialkowska OKNOstudio<\/p>\n<p>&#8220;The unpainted&#8221; sono una serie di quadri\u00a0 in cui l&#8217;unica zona dipinta \u00e8 il bordo che riproduce ad olio la texture di una tela di lino. Le gocciolature e le macchie laterali sono gli spazi in cui emerge la stoffa di cotone colorata di cui \u00e8 composto il quadro.<br \/>Queste opere non hanno un orientamento fisso nello spazio e ruotano senza vincoli di posizione.<\/p>\n<p><span style=\"color: #808080;\">&#8220;The unpainted&#8221; are\u00a0 paintings where the only painted area is the edge painted with oil colour, whitch simulate thetexture of a linen canvas. The lateral spots and drips are without painting, they are just the fabric of the support.<br \/>This works have no fixed orientation in space and can be hang orizzontal or vertical.<\/span><\/h6>\n<p>[\/et_pb_text][et_pb_gallery gallery_ids=&#8221;2504,2508,2506,2507,2505&#8243; fullwidth=&#8221;on&#8221; _builder_version=&#8221;4.21.0&#8243; _module_preset=&#8221;default&#8221; global_colors_info=&#8221;{}&#8221;][\/et_pb_gallery][et_pb_text _builder_version=&#8221;4.21.0&#8243; _module_preset=&#8221;default&#8221; global_colors_info=&#8221;{}&#8221;]<\/p>\n<h6>THE UNPAINTED. FONDO NERO, 2023<br \/>olio su stoffa di cotone nero | <span style=\"color: #808080;\">oil on black cotton fabric<\/span><br \/>40 x 50 or 50 x 40 cm<br \/>photo Ela Bialkowska OKNOstudio<\/h6>\n<p>[\/et_pb_text][\/et_pb_column][\/et_pb_row][et_pb_row _builder_version=&#8221;4.16&#8243; background_size=&#8221;initial&#8221; background_position=&#8221;top_left&#8221; background_repeat=&#8221;repeat&#8221; global_colors_info=&#8221;{}&#8221;][et_pb_column type=&#8221;4_4&#8243; _builder_version=&#8221;4.16&#8243; custom_padding=&#8221;|||&#8221; global_colors_info=&#8221;{}&#8221; custom_padding__hover=&#8221;|||&#8221;][et_pb_text _builder_version=&#8221;4.21.0&#8243; _module_preset=&#8221;default&#8221; global_colors_info=&#8221;{}&#8221;]<\/p>\n<h6><\/h6>\n<p>[\/et_pb_text][et_pb_gallery gallery_ids=&#8221;2774&#8243; fullwidth=&#8221;on&#8221; _builder_version=&#8221;4.21.0&#8243; _module_preset=&#8221;default&#8221; global_colors_info=&#8221;{}&#8221;][\/et_pb_gallery][et_pb_text _builder_version=&#8221;4.21.0&#8243; _module_preset=&#8221;default&#8221; global_colors_info=&#8221;{}&#8221;]<\/p>\n<h6><span style=\"font-family: Times New Roman, serif;\"><span style=\"font-size: small;\">GIORNATE AL SOLE, 2024<br \/><\/span><\/span><span style=\"font-family: Times New Roman, serif;\"><span style=\"font-size: small;\">affresco. (una giornata)<br \/>nero vite su polvere di quarzo e grassello di calce<br \/><\/span><\/span><span style=\"font-family: Times New Roman, serif;\"><span style=\"font-size: small;\">60&#215;50 x3 cm<br \/>foto Ela Bialkowska OKNO studio<\/span><\/span><\/h6>\n<p>[\/et_pb_text][et_pb_gallery gallery_ids=&#8221;2779&#8243; fullwidth=&#8221;on&#8221; _builder_version=&#8221;4.21.0&#8243; _module_preset=&#8221;default&#8221; global_colors_info=&#8221;{}&#8221;][\/et_pb_gallery][et_pb_text _builder_version=&#8221;4.21.0&#8243; _module_preset=&#8221;default&#8221; global_colors_info=&#8221;{}&#8221;]<\/p>\n<h6><span style=\"font-size: small; font-family: 'Times New Roman', serif;\">GIORNATE AL SOLE, 2024<br \/><\/span>affresco (una giornata)<br \/>blu di lapislazzuli, nero vite e ocra gialla<br \/>su polvere di quarzo e grassello di calce<br \/><span style=\"font-family: Times New Roman, serif;\"><span style=\"font-size: small;\">60 x 50 x 3cm<br \/><\/span><\/span><span style=\"font-family: Times New Roman, serif;\"><span style=\"font-size: small;\">foto Ela Bialkowska, OKNO studio<\/span><\/span><\/h6>\n<h6>\u00a0<\/h6>\n<p>[\/et_pb_text][et_pb_text _builder_version=&#8221;4.21.0&#8243; _module_preset=&#8221;default&#8221; global_colors_info=&#8221;{}&#8221;]<\/p>\n<h6><\/h6>\n<h6 class=\"western\" align=\"left\">\u201c<span style=\"font-family: Times New Roman, serif;\"><span style=\"font-size: small;\">Giornate al sole\u201d \u00e8 il titolo di una serie di affreschi che riproducono pittoricamente <\/span><\/span><span style=\"font-family: Times New Roman, serif;\"><span style=\"font-size: small;\">alcuni canovacci da cucina. Questi\u00a0 oggetti di uso quotidiano, a causa dei molteplici lavaggi, asciugature al sole<\/span><\/span><span style=\"font-family: Times New Roman, serif;\"><span style=\"font-size: small;\">, appaiono con le fantasie sbiadite. <\/span><\/span><span style=\"font-family: Times New Roman, serif;\"><span style=\"font-size: small;\">La loro riproduzione ad affresco su quarzo, insieme al processo di carbonatazione, restituiscono la sensazione di usura di questi oggetti, immortalandoli in un preciso momento della loro esistenza e trasformandoli in opere pittoriche.<br \/>La realizzazione dell\u2019affresco, pi\u00f9 di altre tecniche, \u00e8 dipendente dal concetto di tempo e dalla quotidianit\u00e0 del lavoro, tanto che viene chiamata \u201cgiornata\u201d, ogni porzione di intonaco ancora fresco che \u00e8 possibile dipingere indicativamente in una giornata di lavoro.<br \/><\/span><\/span><span style=\"font-family: Times New Roman, serif;\"><span style=\"font-size: small;\">Da questo concetto che mette insieme vita quotidiana e tempo di lavoro nasce anche il titolo dell\u2019opera \u201cGiornate al sole\u201d.<br \/><\/span><\/span><span style=\"color: #808080;\"><br \/>\u201c<span style=\"font-family: Times New Roman, serif;\"><span style=\"font-size: small;\"><span lang=\"en-US\">Days in the Sun\u201d consists of a series of frescoes that reproduce pictorially some kitchen towels.<\/span><\/span><\/span> <span style=\"font-family: Times New Roman, serif;\"><span style=\"font-size: small;\"><span lang=\"en-US\">These particular everyday objects, due to multiple washings, dryings in the sun now appear in fantasies and their patterns very faded.<\/span><\/span><\/span> <span style=\"font-family: Times New Roman, serif;\"><span style=\"font-size: small;\"><span lang=\"en-US\">Their fresco reproduction on quartz, together with the carbonation process, give the sensation of worn of these objects, immortalizing them in a precise moment of their existence and transforming them into pictorial works .<span style=\"font-size: 10.72px; background-color: #d5d5d5;\">T<\/span><\/span><\/span><\/span><\/span><span style=\"color: #808080;\"><span style=\"font-family: Times New Roman, serif;\"><span style=\"font-size: small;\"><span lang=\"en-US\">he creation of the fresco, more than other techniques, depends on the concept of time and the daily routine of work: every portion of still fresh plaster that can be painted in approximately in one working day is called a \u201cday\u201d.<\/span><\/span><\/span>The title of the work &#8220;Days in the Sun&#8221; also arises from this concept that brings together daily life and working time.<\/span><\/h6>\n<h6><span style=\"font-family: Times New Roman, serif;\"><\/span><\/h6>\n<h6 class=\"western\" align=\"left\"><span style=\"font-family: Times New Roman, serif;\"><span style=\"font-size: small;\">\u00a0<\/span><\/span><\/h6>\n<p>[\/et_pb_text][et_pb_text _builder_version=&#8221;4.21.0&#8243; _module_preset=&#8221;default&#8221; global_colors_info=&#8221;{}&#8221;][\/et_pb_text][et_pb_gallery gallery_ids=&#8221;2785,2688&#8243; fullwidth=&#8221;on&#8221; _builder_version=&#8221;4.21.0&#8243; _module_preset=&#8221;default&#8221; global_colors_info=&#8221;{}&#8221;][\/et_pb_gallery][et_pb_text _builder_version=&#8221;4.21.0&#8243; _module_preset=&#8221;default&#8221; global_colors_info=&#8221;{}&#8221;]<\/p>\n<h6 style=\"text-align: justify;\">CINQUE GIORNATE, 2014<br \/>affresco bianco in forma di piedistallo<i>\u00a0|<\/i>\u00a0white fresco in the shape of pedestal<i><br \/><\/i>cm 110 x 25 x 25<br \/>veduta della mostra &#8220;La lama di Procopio&#8221; opere della Collezione AGI, Verona. Casso<br \/>foto Nicola Noro<\/p>\n<p>E\u2019 il ritratto di un piedistallo da scultura realizzato interamente ad affresco, dove quest\u2019ultimo, essendo un monocromo bianco, ci mostra la sua tridimensionalit\u00e0 scandita dal tempo: \u201cle giornate\u201d, una per ogni faccia visibile del parallelepipedo. <span class=\"Y2IQFc\" lang=\"it\">Nella tecnica dell&#8217;affresco, le cosiddette &#8220;giornate&#8221; sono le fasi di lavoro sull&#8217;intonaco fresco.<\/p>\n<p><\/span><span style=\"color: #808080;\">This work is the portrait of a pedestal made in fresco technique. It is a parallelepiped monochrome and shows us its three-dimensionality marked by time: \u201cthe days\u201d one for each face of the pedestal.<\/span><br \/><span style=\"color: #808080;\">In the Fresco technique, what are called \u201cdays\u201d are the works phases on the fresh plaster<\/span>.<\/h6>\n<p>[\/et_pb_text][et_pb_gallery gallery_ids=&#8221;1884,1880,1881,1882,1879&#8243; fullwidth=&#8221;on&#8221; admin_label=&#8221;Gallery&#8221; _builder_version=&#8221;4.16&#8243; global_colors_info=&#8221;{}&#8221;][\/et_pb_gallery][et_pb_text _builder_version=&#8221;4.21.0&#8243; _module_preset=&#8221;default&#8221; global_colors_info=&#8221;{}&#8221;]<\/p>\n<h6 style=\"text-align: justify;\">RITRATTO L&#8217;UNO DELL&#8217;ALTRO, 2017<br \/>dittico: ritratto di tela di cotone, olio su tela di lino; ritratto di tela di lino, olio su tela di cotone |<span style=\"color: #808080;\">diptych:portrait of cotton canvas, oil on linen canvas;\u00a0portrait on linen canvas, oil on cotton canvas<\/span><br \/>100 x 80 cm ciascuno<br \/>Photo Ela Bialkowska, OKNOstudio<\/h6>\n<h6 style=\"text-align: justify;\">Sopra una tela di lino \u00e8 stata dipinta ad olio una tela grezza di cotone e sopra una tela di cotone, una tela grezza di lino.<br \/>Le due tele pi\u00f9 comuni utilizzate per dipingere, il cotone ed il lino, diventano contemporaneamente il supporto ed il loro ritratto annullando per\u00f2 la loro immagine reale<br \/>Solamente il bordo, rimasto libero dalla pittura e rivela la vera identit\u00e0 del supporto<\/p>\n<p><span style=\"color: #808080;\">On a linen canvas I painted with oil colours a raw cotton canvas and on cotton canvas I paint a raw linen canvas.<\/span><br \/><span style=\"color: #808080;\">The two most common canvases used to paint become simultaneously the support and their portrait. their real image is erased\u00a0<\/span><br \/><span style=\"color: #808080;\">Only the edge reveals the true identity of the support.<\/span><\/h6>\n<p>[\/et_pb_text][et_pb_gallery gallery_ids=&#8221;2738,2739,2638&#8243; fullwidth=&#8221;on&#8221; _builder_version=&#8221;4.21.0&#8243; _module_preset=&#8221;default&#8221; global_colors_info=&#8221;{}&#8221;][\/et_pb_gallery][et_pb_text _builder_version=&#8221;4.21.0&#8243; _module_preset=&#8221;default&#8221; global_colors_info=&#8221;{}&#8221;]<\/p>\n<h6>TELA SU STOFFA: INIZIO E FINE DI UN FONDO BLU (PRUSSIA), 2023<br \/>dittico, da sinistra: olio su stoffa di cotone blu; stoffa di cotone blu intelaiata<br \/><span style=\"color: #808080;\">diptych from left: oil on blue cotton fabric; framed blue cotton fabric<\/span><br \/>100 x 80 cm ciascuno | each<br \/>photo Ela Bialkowska OKNO studio<\/h6>\n<h6><\/h6>\n<p>[\/et_pb_text][et_pb_gallery gallery_ids=&#8221;2140,2279,2139,2272,2276,2141,2274,2275,2273&#8243; fullwidth=&#8221;on&#8221; admin_label=&#8221;Gallery&#8221; _builder_version=&#8221;4.16&#8243; global_colors_info=&#8221;{}&#8221;][\/et_pb_gallery][et_pb_text admin_label=&#8221;Text&#8221; _builder_version=&#8221;4.21.0&#8243; background_size=&#8221;initial&#8221; background_position=&#8221;top_left&#8221; background_repeat=&#8221;repeat&#8221; global_colors_info=&#8221;{}&#8221;]<\/p>\n<h6>SULLA NEVE<em>, <\/em>2021<br \/>tre piedistalli degli anni 70 dipinti con tempera all&#8217;uovo bianca;<br \/>quattro album schizzi con disegni di Giuliano Vanni |<span style=\"color: #808080;\"> three sculpure pedestals from the seventies painted with white egg tempera;\u00a0 four scketchbooks with drawings by Giuliano Vanni<\/span><br \/><span style=\"color: #808080;\">Exhibition view:<\/span> &#8220;Sulla Neve&#8221; Solo show for ArtVerona, with Fuoricampo Gallery, 2021<\/h6>\n<h6><\/h6>\n<p>[\/et_pb_text][\/et_pb_column][\/et_pb_row][et_pb_row _builder_version=&#8221;4.16&#8243; background_size=&#8221;initial&#8221; background_position=&#8221;top_left&#8221; background_repeat=&#8221;repeat&#8221; global_colors_info=&#8221;{}&#8221;][et_pb_column type=&#8221;4_4&#8243; _builder_version=&#8221;4.16&#8243; custom_padding=&#8221;|||&#8221; global_colors_info=&#8221;{}&#8221; custom_padding__hover=&#8221;|||&#8221;][et_pb_gallery gallery_ids=&#8221;2405,1870,1868&#8243; fullwidth=&#8221;on&#8221; admin_label=&#8221;Gallery&#8221; _builder_version=&#8221;4.21.0&#8243; global_colors_info=&#8221;{}&#8221;][\/et_pb_gallery][et_pb_text admin_label=&#8221;Text&#8221; _builder_version=&#8221;4.21.0&#8243; background_size=&#8221;initial&#8221; background_position=&#8221;top_left&#8221; background_repeat=&#8221;repeat&#8221; global_colors_info=&#8221;{}&#8221;]<\/p>\n<h6>RITRATTO DI TELA PREPARATA,\u00a02017<br \/>tempera all\u2019uovo su tavola<i>\u00a0|<\/i>\u00a0egg tempera on wood panel<br \/>70 x 60 cm<br \/>Foto Ela Bialkowska, OKNOstudio<\/h6>\n<p>&nbsp;<\/p>\n<p>[\/et_pb_text][\/et_pb_column][\/et_pb_row][et_pb_row _builder_version=&#8221;4.16&#8243; background_size=&#8221;initial&#8221; background_position=&#8221;top_left&#8221; background_repeat=&#8221;repeat&#8221; global_colors_info=&#8221;{}&#8221;][et_pb_column type=&#8221;4_4&#8243; _builder_version=&#8221;4.16&#8243; custom_padding=&#8221;|||&#8221; global_colors_info=&#8221;{}&#8221; custom_padding__hover=&#8221;|||&#8221;][et_pb_image src=&#8221;http:\/\/www.eugeniavanni.it\/wp-content\/uploads\/2019\/07\/24DSC04505\u00a9photoElaBialkowskaOKNOstudio-copia.jpg&#8221; show_in_lightbox=&#8221;on&#8221; show_bottom_space=&#8221;off&#8221; align_tablet=&#8221;center&#8221; align_phone=&#8221;center&#8221; align_last_edited=&#8221;on|desktop&#8221; admin_label=&#8221;Image&#8221; _builder_version=&#8221;4.21.0&#8243; animation=&#8221;off&#8221; sticky=&#8221;on&#8221; global_colors_info=&#8221;{}&#8221;][\/et_pb_image][et_pb_text admin_label=&#8221;Text&#8221; _builder_version=&#8221;4.21.0&#8243; background_size=&#8221;initial&#8221; background_position=&#8221;top_left&#8221; background_repeat=&#8221;repeat&#8221; global_colors_info=&#8221;{}&#8221;]<\/p>\n<h6><em>\u00a0<\/em>IL LAVORO E&#8217; SOLO RISPETTO ALL&#8217;ARTISTA: ARGILLA,\u00a02018<br \/>olio su tela | oil on canvas<br \/>60&#215;40 cm<\/h6>\n<p>[\/et_pb_text][\/et_pb_column][\/et_pb_row][et_pb_row _builder_version=&#8221;4.16&#8243; background_size=&#8221;initial&#8221; background_position=&#8221;top_left&#8221; background_repeat=&#8221;repeat&#8221; global_colors_info=&#8221;{}&#8221;][et_pb_column type=&#8221;4_4&#8243; _builder_version=&#8221;4.16&#8243; custom_padding=&#8221;|||&#8221; global_colors_info=&#8221;{}&#8221; custom_padding__hover=&#8221;|||&#8221;][et_pb_gallery gallery_ids=&#8221;2017,2021&#8243; fullwidth=&#8221;on&#8221; admin_label=&#8221;Gallery&#8221; _builder_version=&#8221;4.16&#8243; global_colors_info=&#8221;{}&#8221;][\/et_pb_gallery][et_pb_text admin_label=&#8221;Text&#8221; _builder_version=&#8221;4.21.0&#8243; background_size=&#8221;initial&#8221; background_position=&#8221;top_left&#8221; background_repeat=&#8221;repeat&#8221; global_colors_info=&#8221;{}&#8221;]<\/p>\n<h6 style=\"text-align: justify;\">PANTOMIMA 2019<br \/>dittico, da sinistra<i>\u00a0| <\/i><span style=\"color: #808080;\">diptych from left<\/span><i><span style=\"color: #808080;\">:<\/span><br \/><\/i>tempera all\u2019uovo su pannello a scaglie orientate OSB<i>; <\/i>tempera all\u2019uovo su tavola di massello di noce<i> | <\/i><span style=\"color: #808080;\">egg tempera on wood panel of Oriented Strand Board OSB; egg tempera on wood of solid walnut wood<\/span><i><br \/><\/i>cm 44 x 26 ciascuno \/ each<br \/>Ph. Ela Bialkowska, OKNOstudio<\/p>\n<p>Sopra una tavola di OSB a scaglie orientate ho ritratto a tempera all&#8217;uovo una tavola di noce, e su una tavola di noce una tavola di OSB.<br \/>Le due tavole diventano contemporaneamente il supporto ed il loro ritratto annullando per\u00f2 la loro immagine reale perch\u00e8 sono ritratte l\u2019una sull\u2019altra, confondendo il concetto di valore del supporto utilizzato.<\/p>\n<p><span class=\"Y2IQFc\" lang=\"en\" style=\"color: #808080;\">On an OSB table with oriented flakes I painted a walnut table in egg tempera, and on a walnut table an OSB table. The two tables simultaneously become the support and their portrait, however canceling their real image because they are portrayed one on top of the other, confusing the concept of value of the support used. Only the edge, left free from the paint, reveals the true identity of the support<\/span><\/h6>\n<h6><\/h6>\n<p>[\/et_pb_text][\/et_pb_column][\/et_pb_row][et_pb_row _builder_version=&#8221;4.16&#8243; background_size=&#8221;initial&#8221; background_position=&#8221;top_left&#8221; background_repeat=&#8221;repeat&#8221; global_colors_info=&#8221;{}&#8221;][et_pb_column type=&#8221;4_4&#8243; _builder_version=&#8221;4.16&#8243; custom_padding=&#8221;|||&#8221; global_colors_info=&#8221;{}&#8221; custom_padding__hover=&#8221;|||&#8221;][et_pb_gallery gallery_ids=&#8221;1839,1842,1836,1841,2259&#8243; fullwidth=&#8221;on&#8221; admin_label=&#8221;Gallery&#8221; _builder_version=&#8221;4.16&#8243; global_colors_info=&#8221;{}&#8221;][\/et_pb_gallery][et_pb_text admin_label=&#8221;Text&#8221; _builder_version=&#8221;4.21.0&#8243; background_size=&#8221;initial&#8221; background_position=&#8221;top_left&#8221; background_repeat=&#8221;repeat&#8221; global_colors_info=&#8221;{}&#8221;]<\/p>\n<h6>LA PITTURA INTORNO. TELA DI LINO DIPINTA SU NERO, 2019<br \/>olio su imprimitura nera, su tela di cotone | <span style=\"color: #808080;\">oil on black primer, on cotton canvas<\/span><em><br \/><\/em>150 x 200 cm<br \/>Foto Ela Bialkowska, OKNOstudio<\/h6>\n<p>[\/et_pb_text][\/et_pb_column][\/et_pb_row][\/et_pb_section]<\/p>\n","protected":false},"excerpt":{"rendered":"<p>Tourn\u00e9e, 2024olio su stoffa nera di cotone, grafiteoil on black cotton fabric, graphite250 x 200 cmveduta della mostra, exhibition view &#8220;Tourn\u00e9e&#8221; Galleria Fuoricampo, SienaFoto Ela Bialkowska\u00a0 OknoStudio &#8220;Dipingendo sulla stoffa colorata la trama della tela di lino, in queste opere la figurazione affiora sulla superficie come un effetto riflesso della differenza fra tela e pittura, [&hellip;]<\/p>\n","protected":false},"author":2,"featured_media":0,"parent":0,"menu_order":0,"comment_status":"closed","ping_status":"closed","template":"","meta":{"_et_pb_use_builder":"on","_et_pb_old_content":"","_et_gb_content_width":"","footnotes":""},"class_list":["post-1908","page","type-page","status-publish","hentry"],"_links":{"self":[{"href":"https:\/\/www.eugeniavanni.it\/index.php?rest_route=\/wp\/v2\/pages\/1908","targetHints":{"allow":["GET"]}}],"collection":[{"href":"https:\/\/www.eugeniavanni.it\/index.php?rest_route=\/wp\/v2\/pages"}],"about":[{"href":"https:\/\/www.eugeniavanni.it\/index.php?rest_route=\/wp\/v2\/types\/page"}],"author":[{"embeddable":true,"href":"https:\/\/www.eugeniavanni.it\/index.php?rest_route=\/wp\/v2\/users\/2"}],"replies":[{"embeddable":true,"href":"https:\/\/www.eugeniavanni.it\/index.php?rest_route=%2Fwp%2Fv2%2Fcomments&post=1908"}],"version-history":[{"count":284,"href":"https:\/\/www.eugeniavanni.it\/index.php?rest_route=\/wp\/v2\/pages\/1908\/revisions"}],"predecessor-version":[{"id":2926,"href":"https:\/\/www.eugeniavanni.it\/index.php?rest_route=\/wp\/v2\/pages\/1908\/revisions\/2926"}],"wp:attachment":[{"href":"https:\/\/www.eugeniavanni.it\/index.php?rest_route=%2Fwp%2Fv2%2Fmedia&parent=1908"}],"curies":[{"name":"wp","href":"https:\/\/api.w.org\/{rel}","templated":true}]}}